{"id":9,"date":"2017-11-27T19:30:09","date_gmt":"2017-11-27T18:30:09","guid":{"rendered":"http:\/\/fabiolacakes.es\/?page_id=9"},"modified":"2020-08-29T12:46:19","modified_gmt":"2020-08-29T10:46:19","slug":"servicios","status":"publish","type":"page","link":"https:\/\/fabiolacakes.es\/?page_id=9","title":{"rendered":"Servicios"},"content":{"rendered":"\n<h1>\n\t\tNuestros Productos\n\t<\/h1>\n\t<p>Ofrecemos una amplia gama de <strong>Reposter\u00eda tradicional y creativa peruana<\/strong> para particulares.<\/p>\n<p>Prestamos servicios personalizados<strong> para empresas<\/strong> interesadas en la obtenci\u00f3n de nuestros productos.<\/p>\n\t\t\t\t<img decoding=\"async\" src=\"http:\/\/fabiolacakes.es\/wp-content\/uploads\/2020\/08\/cheecake-fabiolacakes.jpg\" alt=\"cheecake-fabiolacakes\" itemprop=\"image\" title=\"cheecake-fabiolacakes\" onerror=\"this.style.display='none'\">\n<h3>\n\t\tTarta de Maracuy\u00e1\n\t<\/h3>\n\t\t\t<a href=\"http:\/\/fabiolacakes.es\/?page_id=11\" target=\"_self\" role=\"button\" rel=\"noopener noreferrer\">\n\t\t\t\t\t\t\tHaz tu pedido\n\t\t\t<\/a>\n\t\t\t\t<img decoding=\"async\" src=\"http:\/\/fabiolacakes.es\/wp-content\/uploads\/2020\/08\/TARTASELVA-NEGRA-fabiolacakes.jpg\" alt=\"TARTASELVA-NEGRA-fabiolacakes\" itemprop=\"image\" title=\"TARTASELVA-NEGRA-fabiolacakes\" onerror=\"this.style.display='none'\">\n<h3>\n\t\tTarta Selva Negra\n\t<\/h3>\n\t\t\t<a href=\"http:\/\/fabiolacakes.es\/?page_id=11\" target=\"_self\" role=\"button\" rel=\"noopener noreferrer\">\n\t\t\t\t\t\t\tHaz tu pedido\n\t\t\t<\/a>\n\t\t\t\t<img decoding=\"async\" src=\"http:\/\/fabiolacakes.es\/wp-content\/uploads\/2020\/08\/TARTAHELADA-fabiolacakes.jpg\" alt=\"TARTAHELADA-fabiolacakes\" itemprop=\"image\" title=\"TARTAHELADA-fabiolacakes\" onerror=\"this.style.display='none'\">\n<h3>\n\t\tTarta Helada\n\t<\/h3>\n\t\t\t<a href=\"http:\/\/fabiolacakes.es\/?page_id=11\" target=\"_self\" role=\"button\" rel=\"noopener noreferrer\">\n\t\t\t\t\t\t\tHaz tu pedido\n\t\t\t<\/a>\n\t\t\t\t<img decoding=\"async\" src=\"http:\/\/fabiolacakes.es\/wp-content\/uploads\/2020\/08\/TARTALUCUMA-fabiolacakes.jpg\" alt=\"TARTALUCUMA-fabiolacakes\" itemprop=\"image\" title=\"TARTALUCUMA-fabiolacakes\" onerror=\"this.style.display='none'\">\n<h3>\n\t\tTarta de L\u00facuma\n\t<\/h3>\n\t\t\t<a href=\"http:\/\/fabiolacakes.es\/?page_id=11\" target=\"_self\" role=\"button\" rel=\"noopener noreferrer\">\n\t\t\t\t\t\t\tHaz tu pedido\n\t\t\t<\/a>\n\t\t\t\t<img decoding=\"async\" src=\"http:\/\/fabiolacakes.es\/wp-content\/uploads\/2020\/08\/TARTA-fabiolacakes.jpg\" alt=\"TARTA-fabiolacakes\" itemprop=\"image\" title=\"TARTA-fabiolacakes\" onerror=\"this.style.display='none'\">\n<h3>\n\t\tTarta de Queso\n\t<\/h3>\n\t\t\t<a href=\"http:\/\/fabiolacakes.es\/?page_id=11\" target=\"_self\" role=\"button\" rel=\"noopener noreferrer\">\n\t\t\t\t\t\t\tHaz tu pedido\n\t\t\t<\/a>\n\t\t\t\t<img decoding=\"async\" src=\"http:\/\/fabiolacakes.es\/wp-content\/uploads\/2020\/08\/TARTACHOCO-fabiolacakes.jpg\" alt=\"TARTACHOCO-fabiolacakes\" itemprop=\"image\" title=\"TARTACHOCO-fabiolacakes\" onerror=\"this.style.display='none'\">\n<h3>\n\t\tTarta de Chocolate\n\t<\/h3>\n\t\t\t<a href=\"http:\/\/fabiolacakes.es\/?page_id=11\" target=\"_self\" role=\"button\" rel=\"noopener noreferrer\">\n\t\t\t\t\t\t\tHaz tu pedido\n\t\t\t<\/a>\n\t\t\t\t<img decoding=\"async\" src=\"http:\/\/fabiolacakes.es\/wp-content\/uploads\/2020\/07\/LOGO-efectoDORADO-FABIOLA-1024x1024.png\" alt=\"LOGO-efectoDORADO-FABIOLA\" itemprop=\"image\" title=\"LOGO-efectoDORADO-FABIOLA\" onerror=\"this.style.display='none'\">\n<h2>\n\t\tNosotros\n\t<\/h2>\n\t<p>FABIOLA CAKES Reposter\u00eda Tradicional y creativa, para Hosteler\u00eda.<\/p>\nTartas tradicionales<br>\nTartas Creativas<br>\nTartas de cumplea\u00f1os<br>\nTartas para Bodas\n<h2>\n\t\tEmpresa\n\t<\/h2>\n\tInicio<br>\nSobre nosotros<br>\nCarrito de compras<br>\nContacto\n<h2>\n\t\tContacto\n\t<\/h2>\n\t<strong>ESTAMOS EN:<\/strong><br>\nMercado de los Mostenses, Plaza Mostenses, 1 puesto 52\n<p><strong>640 33 60 43 <\/strong><\/p>\n<p>info@fabiolacakes.eso<\/p>\n\t\t\t\t<img decoding=\"async\" src=\"http:\/\/fabiolacakes.es\/wp-content\/uploads\/2020\/03\/seguridad-y-banderas-1.png\" alt=\"seguridad-y-banderas-1\" itemprop=\"image\" title=\"seguridad-y-banderas-1\" onerror=\"this.style.display='none'\">\n","protected":false},"excerpt":{"rendered":"<p>Nuestros Productos Ofrecemos una amplia gama de Reposter\u00eda tradicional y creativa peruana para particulares. Prestamos servicios personalizados para empresas interesadas en la obtenci\u00f3n de nuestros productos. Tarta de Maracuy\u00e1 Haz tu pedido Tarta Selva Negra Haz tu pedido Tarta Helada Haz tu pedido Tarta de L\u00facuma Haz tu pedido Tarta de Queso Haz tu pedido&hellip;<\/p>\n","protected":false},"author":2,"featured_media":0,"parent":0,"menu_order":0,"comment_status":"closed","ping_status":"closed","template":"","meta":{"footnotes":""},"class_list":["post-9","page","type-page","status-publish","hentry"],"yoast_head":"<!-- This site is optimized with the Yoast SEO plugin v14.8.1 - https:\/\/yoast.com\/wordpress\/plugins\/seo\/ -->\n<title>Servicios &mdash; FABIOLA CAKES MADRID<\/title>\n<meta name=\"robots\" content=\"index, follow\" \/>\n<meta name=\"googlebot\" content=\"index, follow, max-snippet:-1, max-image-preview:large, max-video-preview:-1\" \/>\n<meta name=\"bingbot\" content=\"index, follow, max-snippet:-1, max-image-preview:large, max-video-preview:-1\" \/>\n<link rel=\"canonical\" href=\"https:\/\/fabiolacakes.es\/?page_id=9\" \/>\n<meta property=\"og:locale\" content=\"es_ES\" \/>\n<meta property=\"og:type\" content=\"article\" \/>\n<meta property=\"og:title\" content=\"Servicios &mdash; FABIOLA CAKES MADRID\" \/>\n<meta property=\"og:description\" content=\"Nuestros Productos Ofrecemos una amplia gama de Reposter\u00eda tradicional y creativa peruana para particulares. Prestamos servicios personalizados para empresas interesadas en la obtenci\u00f3n de nuestros productos. Tarta de Maracuy\u00e1 Haz tu pedido Tarta Selva Negra Haz tu pedido Tarta Helada Haz tu pedido Tarta de L\u00facuma Haz tu pedido Tarta de Queso Haz tu pedido&hellip;\" \/>\n<meta property=\"og:url\" content=\"https:\/\/fabiolacakes.es\/?page_id=9\" \/>\n<meta property=\"og:site_name\" content=\"FABIOLA CAKES MADRID\" \/>\n<meta property=\"article:publisher\" content=\"https:\/\/www.facebook.com\/FABI.DULCE\" \/>\n<meta property=\"article:modified_time\" content=\"2020-08-29T10:46:19+00:00\" \/>\n<meta property=\"og:image\" content=\"http:\/\/fabiolacakes.es\/wp-content\/uploads\/2020\/08\/cheecake-fabiolacakes.jpg\" \/>\n<meta name=\"twitter:card\" content=\"summary_large_image\" \/>\n<script type=\"application\/ld+json\" class=\"yoast-schema-graph\">{\"@context\":\"https:\/\/schema.org\",\"@graph\":[{\"@type\":\"Organization\",\"@id\":\"https:\/\/fabiolacakes.es\/#organization\",\"name\":\"Fabiola Cakes Madrid\",\"url\":\"https:\/\/fabiolacakes.es\/\",\"sameAs\":[\"https:\/\/www.facebook.com\/FABI.DULCE\",\"https:\/\/www.instagram.com\/fabiolacakesmadrid\/?hl=es\"],\"logo\":{\"@type\":\"ImageObject\",\"@id\":\"https:\/\/fabiolacakes.es\/#logo\",\"inLanguage\":\"es\",\"url\":\"\",\"caption\":\"Fabiola Cakes Madrid\"},\"image\":{\"@id\":\"https:\/\/fabiolacakes.es\/#logo\"}},{\"@type\":\"WebSite\",\"@id\":\"https:\/\/fabiolacakes.es\/#website\",\"url\":\"https:\/\/fabiolacakes.es\/\",\"name\":\"FABIOLA CAKES MADRID\",\"description\":\"Reposter\\u00eda Tradicional y Creativa\",\"publisher\":{\"@id\":\"https:\/\/fabiolacakes.es\/#organization\"},\"potentialAction\":[{\"@type\":\"SearchAction\",\"target\":\"https:\/\/fabiolacakes.es\/?s={search_term_string}\",\"query-input\":\"required name=search_term_string\"}],\"inLanguage\":\"es\"},{\"@type\":\"ImageObject\",\"@id\":\"https:\/\/fabiolacakes.es\/?page_id=9#primaryimage\",\"inLanguage\":\"es\",\"url\":\"http:\/\/fabiolacakes.es\/wp-content\/uploads\/2020\/08\/cheecake-fabiolacakes.jpg\"},{\"@type\":\"WebPage\",\"@id\":\"https:\/\/fabiolacakes.es\/?page_id=9#webpage\",\"url\":\"https:\/\/fabiolacakes.es\/?page_id=9\",\"name\":\"Servicios &mdash; FABIOLA CAKES MADRID\",\"isPartOf\":{\"@id\":\"https:\/\/fabiolacakes.es\/#website\"},\"primaryImageOfPage\":{\"@id\":\"https:\/\/fabiolacakes.es\/?page_id=9#primaryimage\"},\"datePublished\":\"2017-11-27T18:30:09+00:00\",\"dateModified\":\"2020-08-29T10:46:19+00:00\",\"inLanguage\":\"es\",\"potentialAction\":[{\"@type\":\"ReadAction\",\"target\":[\"https:\/\/fabiolacakes.es\/?page_id=9\"]}]}]}<\/script>\n<!-- \/ Yoast SEO plugin. -->","_links":{"self":[{"href":"https:\/\/fabiolacakes.es\/index.php?rest_route=\/wp\/v2\/pages\/9","targetHints":{"allow":["GET"]}}],"collection":[{"href":"https:\/\/fabiolacakes.es\/index.php?rest_route=\/wp\/v2\/pages"}],"about":[{"href":"https:\/\/fabiolacakes.es\/index.php?rest_route=\/wp\/v2\/types\/page"}],"author":[{"embeddable":true,"href":"https:\/\/fabiolacakes.es\/index.php?rest_route=\/wp\/v2\/users\/2"}],"replies":[{"embeddable":true,"href":"https:\/\/fabiolacakes.es\/index.php?rest_route=%2Fwp%2Fv2%2Fcomments&post=9"}],"version-history":[{"count":4,"href":"https:\/\/fabiolacakes.es\/index.php?rest_route=\/wp\/v2\/pages\/9\/revisions"}],"predecessor-version":[{"id":1125,"href":"https:\/\/fabiolacakes.es\/index.php?rest_route=\/wp\/v2\/pages\/9\/revisions\/1125"}],"wp:attachment":[{"href":"https:\/\/fabiolacakes.es\/index.php?rest_route=%2Fwp%2Fv2%2Fmedia&parent=9"}],"curies":[{"name":"wp","href":"https:\/\/api.w.org\/{rel}","templated":true}]}}